{"id":11508,"date":"2021-10-16T15:24:59","date_gmt":"2021-10-16T13:24:59","guid":{"rendered":"https:\/\/epic.wwwarcelona.net\/avviso-legale\/"},"modified":"2023-05-09T13:46:04","modified_gmt":"2023-05-09T11:46:04","slug":"avviso-legale","status":"publish","type":"page","link":"https:\/\/epic.wwwarcelona.net\/it\/avviso-legale\/","title":{"rendered":"Avviso legale"},"content":{"rendered":"\t\t<div data-elementor-type=\"wp-page\" data-elementor-id=\"11508\" class=\"elementor elementor-11508 elementor-57\" data-elementor-post-type=\"page\">\n\t\t\t\t\t\t<section class=\"elementor-section elementor-top-section elementor-element elementor-element-83c3299 elementor-section-boxed elementor-section-height-default elementor-section-height-default\" data-id=\"83c3299\" data-element_type=\"section\">\n\t\t\t\t\t\t<div class=\"elementor-container elementor-column-gap-default\">\n\t\t\t\t\t<div class=\"elementor-column elementor-col-100 elementor-top-column elementor-element elementor-element-08780a7\" data-id=\"08780a7\" data-element_type=\"column\">\n\t\t\t<div class=\"elementor-widget-wrap elementor-element-populated\">\n\t\t\t\t\t\t<div class=\"elementor-element elementor-element-0a23144 elementor-widget elementor-widget-heading\" data-id=\"0a23144\" data-element_type=\"widget\" data-widget_type=\"heading.default\">\n\t\t\t\t<div class=\"elementor-widget-container\">\n\t\t\t<style>\/*! elementor - v3.20.0 - 11-03-2024 *\/\n.elementor-heading-title{padding:0;margin:0;line-height:1}.elementor-widget-heading .elementor-heading-title[class*=elementor-size-]>a{color:inherit;font-size:inherit;line-height:inherit}.elementor-widget-heading .elementor-heading-title.elementor-size-small{font-size:15px}.elementor-widget-heading .elementor-heading-title.elementor-size-medium{font-size:19px}.elementor-widget-heading .elementor-heading-title.elementor-size-large{font-size:29px}.elementor-widget-heading .elementor-heading-title.elementor-size-xl{font-size:39px}.elementor-widget-heading .elementor-heading-title.elementor-size-xxl{font-size:59px}<\/style><h2 class=\"elementor-heading-title elementor-size-default\">AVVISO LEGALE<\/h2>\t\t<\/div>\n\t\t\t\t<\/div>\n\t\t\t\t<div class=\"elementor-element elementor-element-f2b704f elementor-widget elementor-widget-text-editor\" data-id=\"f2b704f\" data-element_type=\"widget\" data-widget_type=\"text-editor.default\">\n\t\t\t\t<div class=\"elementor-widget-container\">\n\t\t\t<style>\/*! elementor - v3.20.0 - 11-03-2024 *\/\n.elementor-widget-text-editor.elementor-drop-cap-view-stacked .elementor-drop-cap{background-color:#69727d;color:#fff}.elementor-widget-text-editor.elementor-drop-cap-view-framed .elementor-drop-cap{color:#69727d;border:3px solid;background-color:transparent}.elementor-widget-text-editor:not(.elementor-drop-cap-view-default) .elementor-drop-cap{margin-top:8px}.elementor-widget-text-editor:not(.elementor-drop-cap-view-default) .elementor-drop-cap-letter{width:1em;height:1em}.elementor-widget-text-editor .elementor-drop-cap{float:left;text-align:center;line-height:1;font-size:50px}.elementor-widget-text-editor .elementor-drop-cap-letter{display:inline-block}<\/style>\t\t\t\t<p>Il presente Avviso legale ha lo scopo di informare l&#8217;utente sui suoi diritti e doveri in qualit\u00e0 di utente di questo sito web. Qui troverete tutte le informazioni necessarie su questo sito web, sulla sua attivit\u00e0, sui dati personali che raccoglie e sulle sue finalit\u00e0, nonch\u00e9 sulle norme d&#8217;uso che regolano l&#8217;utilizzo di questo sito web.<\/p>\n<p>Accedendo a questo sito web<b> https:\/\/epic.wwwarcelona.net,<\/b> l&#8217;utente assume la condizione di utente, pertanto il contenuto del presente Avviso legale lo riguarda direttamente. \u00c8 quindi importante che lo leggiate per dissipare eventuali dubbi e per avere una chiara comprensione delle condizioni che state accettando.<\/p>\n<p>Per cominciare, dovete sapere che questo sito web rispetta la normativa vigente in materia di protezione dei dati, con l&#8217;obiettivo di fornirvi le garanzie, la sicurezza e la trasparenza a cui, in quanto utenti, avete diritto quando utilizzate questo sito web.<\/p>\n<p>Il <b>GDPR <\/b>(<b>Regolamento (UE) 2016\/679 del Parlamento europeo e del Consiglio, del 27 aprile 2016, relativo alla protezione delle persone fisiche.<\/b>), il nuovo regolamento dell&#8217;Unione Europea che unifica la regolamentazione del trattamento dei dati personali nei diversi Paesi dell&#8217;UE.<\/p>\n<p>Il <b>LOPDGDD<\/b>  (<b>Legge organica 3\/2018, del 3 dicembre, sulla protezione dei dati personali.<\/b> y <b>Decreto reale 1720\/2007 del 21 dicembre 2007, il regolamento di attuazione della LOPD.<\/b>) che regola il trattamento dei dati personali e gli obblighi che i responsabili di un sito web o di un blog devono assumere nella gestione di queste informazioni.<\/p>\n<p>La <b>LSSI<\/b><b>(Legge 34\/2002, dell&#8217;11 luglio, sui servizi della societ\u00e0 dell&#8217;informazione e il commercio elettronico<\/b>) che regola le transazioni economiche per via elettronica, come nel caso di questo blog.<\/p>\n<p><b>DATI DI IDENTIFICAZIONE<\/b><\/p>\n<p>Il proprietario e gestore di questo sito web \u00e8 <strong>EPIC Education<\/strong>.<\/p>\n<ul>\n<li><b>Nome:<\/b> Educazione epica, SLU<\/li>\n<li><b>ID fiscale:<\/b> L-717539-S<\/li>\n<li><b>Sede legale:<\/b> Callaueta 8, 1r 3ra, AD500 Andorra la Vella, Adorra<\/li>\n<li><b>Attivit\u00e0 del sito web<\/b>: distribuzione di contenuti relativi a <strong>epicexamprep.com<\/strong>, visualizzazione di pubblicit\u00e0 e raccomandazione di prodotti affiliati.<\/li>\n<li><b>E-mail<\/b>: <a href=\"mailto:info@epic.wwwarcelona.net\" target=\"_blank\" rel=\"noopener\"><span class=\"elementor-icon-list-text\">info@epic.wwwarcelona.net<\/span><\/a><\/li>\n<\/ul>\n<p>I dati che ci fornite con il vostro consenso, e in conformit\u00e0 con l&#8217;uso stabilito nella nostra Politica sulla privacy, saranno incorporati in un file automatizzato, in cui il responsabile di tale file \u00e8: <strong>Epic Education, SLU<\/strong>.<b> <\/b>Ci\u00f2 significa che i vostri dati sono al sicuro, in conformit\u00e0 con la legge.<\/p>\n<p><b>REGOLE DI ACCESSO AL SITO WEB<\/b><\/p>\n<p>In qualit\u00e0 di utenti del nostro sito web, avete anche una serie di obblighi:<\/p>\n<p>L&#8217;utente non pu\u00f2 utilizzare questo sito web per svolgere attivit\u00e0 contrarie alla legge, al buon costume, all&#8217;ordine pubblico e, in generale, per utilizzarlo in conformit\u00e0 alle condizioni stabilite nel presente Avviso legale.<\/p>\n<p>L&#8217;utente non pu\u00f2 fare pubblicit\u00e0 o sfruttamento commerciale inviando messaggi utilizzando una falsa identit\u00e0.<\/p>\n<p>L&#8217;utente \u00e8 l&#8217;unico responsabile della veridicit\u00e0 e dell&#8217;accuratezza dei contenuti inseriti in questo sito web e dei dati personali forniti per gli scopi indicati nella nostra Informativa sulla privacy.<\/p>\n<p>L&#8217;utente sar\u00e0 inoltre l&#8217;unico responsabile dell&#8217;esecuzione di qualsiasi tipo di azione illegale, dannosa, nociva e\/o lesiva sui siti di terzi a cui potremmo rimandare da questo sito per lo sviluppo della nostra attivit\u00e0.<\/p>\n<p><strong>Epic Education, SLU<\/strong> \u00e8 responsabile del sito web. pu\u00f2 interrompere il servizio della pagina utilizzata dall&#8217;utente e interrompere immediatamente il rapporto se rileva un uso del sito web o di uno qualsiasi dei servizi offerti che possa essere considerato contrario a quanto espresso nel presente Avviso legale.<\/p>\n<p><b>PROPRIET\u00c0 INTELLETTUALE E INDUSTRIALE<\/b><\/p>\n<p>L&#8217;intero sito web (testi, immagini, marchi, grafici, loghi, pulsanti, file software, combinazioni di colori, nonch\u00e9 la struttura, la selezione, la disposizione e la presentazione dei suoi contenuti) \u00e8 protetto dalle leggi vigenti in materia di Propriet\u00e0 Intellettuale e Industriale, e ne \u00e8 vietata la riproduzione, la distribuzione, la comunicazione pubblica e la trasformazione, se non per uso personale e privato.<\/p>\n<p>In qualit\u00e0 di proprietario di questo sito web,<b><strong>Epic Education, SLU<\/strong><\/b>non garantisce che i contenuti siano accurati o privi di errori o che il libero utilizzo dei contenuti da parte degli utenti non violi i diritti di terzi. L&#8217;uso buono o cattivo di questo sito e dei suoi contenuti \u00e8 responsabilit\u00e0 dell&#8217;utente.<\/p>\n<p>Allo stesso modo, \u00e8 vietata la riproduzione, la ritrasmissione, la copia, il trasferimento o la ritrasmissione, totale o parziale, delle informazioni contenute nel sito web, per qualsiasi scopo e con qualsiasi mezzo, senza la previa autorizzazione di <strong>Epic Education, SLU<\/strong>.<\/p>\n<p><b>LINK<\/b><\/p>\n<p>Questo sito web contiene link a siti di terzi. Le pagine di queste terze parti non sono state revisionate e non sono controllate da noi, e quindi <strong>Educazione epica, SLU<\/strong> non sar\u00e0 responsabile dei contenuti di questi siti web, n\u00e9 delle misure adottate in relazione alla vostra privacy o al trattamento dei vostri dati personali o di qualsiasi altro dato che possa emergere.<\/p>\n<p>Si consiglia pertanto di leggere attentamente le condizioni d&#8217;uso, l&#8217;informativa sulla privacy, le note legali e\/o simili di questi siti.<\/p>\n<p><b>LINK DI AFFILIAZIONE AMAZON<\/b><\/p>\n<p>Questo sito web, in conformit\u00e0 con il suo scopo, utilizza link di affiliazione ad Amazon.<\/p>\n<p>Ci\u00f2 significa che troverete dei link a prodotti Amazon a cui potrete accedere direttamente dal nostro sito web ma che, se del caso, l&#8217;acquisto sar\u00e0 effettuato su Amazon, secondo i termini e le condizioni in vigore in quel momento.<\/p>\n<p><b>LIMITAZIONE DI RESPONSABILIT\u00c0<\/b><\/p>\n<p>Nell&#8217;esercizio del suo diritto di proprietario di questo sito web, vi informiamo che <strong>Epic Education, SLU<\/strong><b> <\/b>non \u00e8 in alcun caso responsabile di quanto segue:<\/p>\n<p>La qualit\u00e0 del servizio, la velocit\u00e0 di accesso, il corretto funzionamento e la disponibilit\u00e0 e continuit\u00e0 del funzionamento del sito.<\/p>\n<p>L&#8217;esistenza di virus, malware, programmi dannosi o nocivi nei contenuti.<\/p>\n<p>Uso illegale, negligente, fraudolento o contrario al presente Avviso legale.<\/p>\n<p>La mancanza di legalit\u00e0, qualit\u00e0, affidabilit\u00e0, utilit\u00e0 e disponibilit\u00e0 dei servizi forniti da terzi e messi a disposizione degli utenti su questo sito web.<\/p>\n<p>Per i danni che possono derivare dall&#8217;uso illegale o improprio di questo blog.<\/p>\n<p><b>POLITICA SULLA PRIVACY E SULLA PROTEZIONE DEI DATI<\/b><\/p>\n<p>Questo sito web \u00e8 conforme alla normativa vigente in materia di protezione dei dati, il che significa che, in qualit\u00e0 di utenti, dovete dare il vostro esplicito consenso prima di fornirci dati personali attraverso i vari moduli messi a disposizione nelle sezioni del nostro sito web.<\/p>\n<p>A tal fine, nell&#8217;interesse della trasparenza e dell&#8217;esercizio dei vostri diritti, \u00e8 nostro dovere informarvi sui dati personali che raccogliamo, conserviamo e trattiamo e per quali finalit\u00e0, e avete la possibilit\u00e0 in qualsiasi momento di revocare liberamente il vostro consenso.<\/p>\n<p>Tutte queste informazioni sono contenute nella nostra <b>POLITICA SULLA PRIVACY<\/b>.<\/p>\n<p><b>INFORMATIVA SUI COOKIE<\/b><\/p>\n<p>Come vi informiamo non appena accedete al nostro sito web, questo sito utilizza cookie propri e di terzi per offrirvi la migliore esperienza d&#8217;uso e per sviluppare la nostra attivit\u00e0.<\/p>\n<p>In qualsiasi momento, l&#8217;utente ha la possibilit\u00e0 di configurare il proprio browser in modo da rifiutare l&#8217;uso di questi cookie che, in alcuni casi, influiscono sulla sua esperienza d&#8217;uso.<\/p>\n<p>Per informazioni complete sull&#8217;uso dei cookie in questo sito web, sul loro scopo e sul loro rifiuto, \u00e8 possibile consultare la nostra <b>COOKIES POLICY<\/b>.<\/p>\n<p><b>LEGGE APPLICABILE E GIURISDIZIONE COMPETENTE<\/b><\/p>\n<p>Il presente Avviso Legale \u00e8 soggetto alla legislazione andorrana in vigore.<\/p>\n<p>Se necessario, in caso di controversie legali, <strong>Epic Education,SLU<\/strong> e l&#8217;utente, rinunciando espressamente a qualsiasi altra giurisdizione, si sottoporranno alle Corti e ai Tribunali del domicilio dell&#8217;utente per qualsiasi controversia che possa sorgere.<\/p>\n<p>Nel caso in cui l&#8217;utente sia domiciliato al di fuori di Andorra, <strong>Epic Education<\/strong><b> <\/b>e l&#8217;utente si sottomettono, rinunciando espressamente a qualsiasi altra giurisdizione, ai tribunali di Andorra La Vella (Andorra).<\/p>\n<p>In caso di domande sul presente Avviso Legale, \u00e8 possibile inviare un&#8217;e-mail a <a href=\"mailto:info@epic.wwwarcelona.net\" target=\"_blank\" rel=\"noopener\"><span class=\"elementor-icon-list-text\">info@epic.wwwarcelona.net<\/span><\/a>.<\/p>\n\t\t\t\t\t\t<\/div>\n\t\t\t\t<\/div>\n\t\t\t\t\t<\/div>\n\t\t<\/div>\n\t\t\t\t\t<\/div>\n\t\t<\/section>\n\t\t\t\t<\/div>\n\t\t","protected":false},"excerpt":{"rendered":"<p>AVVISO LEGALE Il presente Avviso legale ha lo scopo di informare l&#8217;utente sui suoi diritti e doveri in qualit\u00e0 di utente di questo sito web. Qui troverete tutte le informazioni necessarie su questo sito web, sulla sua attivit\u00e0, sui dati personali che raccoglie e sulle sue finalit\u00e0, nonch\u00e9 sulle norme d&#8217;uso che regolano l&#8217;utilizzo di [&hellip;]<\/p>\n","protected":false},"author":1,"featured_media":0,"parent":0,"menu_order":0,"comment_status":"closed","ping_status":"closed","template":"elementor_header_footer","meta":{"footnotes":""},"class_list":["post-11508","page","type-page","status-publish","hentry"],"yoast_head":"<!-- This site is optimized with the Yoast SEO plugin v26.8 - https:\/\/yoast.com\/product\/yoast-seo-wordpress\/ -->\n<title>\u25b7Avviso legale - \u3010EPIC PREP\u3011<\/title>\n<meta name=\"description\" content=\"\u2713\" \/>\n<meta name=\"robots\" content=\"noindex, nofollow\" \/>\n<meta property=\"og:locale\" content=\"it_IT\" \/>\n<meta property=\"og:type\" content=\"article\" \/>\n<meta property=\"og:title\" content=\"\u25b7Avviso legale - \u3010EPIC PREP\u3011\" \/>\n<meta property=\"og:description\" content=\"\u2713\" \/>\n<meta property=\"og:url\" content=\"https:\/\/epic.wwwarcelona.net\/it\/avviso-legale\/\" \/>\n<meta property=\"og:site_name\" content=\"EPIC PREP\" \/>\n<meta property=\"article:modified_time\" content=\"2023-05-09T11:46:04+00:00\" \/>\n<meta name=\"twitter:card\" content=\"summary_large_image\" \/>\n<meta name=\"twitter:label1\" content=\"Tempo di lettura stimato\" \/>\n\t<meta name=\"twitter:data1\" content=\"6 minuti\" \/>\n<script type=\"application\/ld+json\" class=\"yoast-schema-graph\">{\"@context\":\"https:\/\/schema.org\",\"@graph\":[{\"@type\":\"WebPage\",\"@id\":\"https:\/\/epic.wwwarcelona.net\/it\/avviso-legale\/\",\"url\":\"https:\/\/epic.wwwarcelona.net\/it\/avviso-legale\/\",\"name\":\"\u25b7Avviso legale - \u3010EPIC PREP\u3011\",\"isPartOf\":{\"@id\":\"https:\/\/epic.wwwarcelona.net\/#website\"},\"datePublished\":\"2021-10-16T13:24:59+00:00\",\"dateModified\":\"2023-05-09T11:46:04+00:00\",\"description\":\"\u2713\",\"breadcrumb\":{\"@id\":\"https:\/\/epic.wwwarcelona.net\/it\/avviso-legale\/#breadcrumb\"},\"inLanguage\":\"it-IT\",\"potentialAction\":[{\"@type\":\"ReadAction\",\"target\":[\"https:\/\/epic.wwwarcelona.net\/it\/avviso-legale\/\"]}]},{\"@type\":\"BreadcrumbList\",\"@id\":\"https:\/\/epic.wwwarcelona.net\/it\/avviso-legale\/#breadcrumb\",\"itemListElement\":[{\"@type\":\"ListItem\",\"position\":1,\"name\":\"Portada\",\"item\":\"https:\/\/epic.wwwarcelona.net\/\"},{\"@type\":\"ListItem\",\"position\":2,\"name\":\"Avviso legale\"}]},{\"@type\":\"WebSite\",\"@id\":\"https:\/\/epic.wwwarcelona.net\/#website\",\"url\":\"https:\/\/epic.wwwarcelona.net\/\",\"name\":\"EPIC PREP\",\"description\":\"Comprometidos con tus objetivos\",\"publisher\":{\"@id\":\"https:\/\/epic.wwwarcelona.net\/#organization\"},\"potentialAction\":[{\"@type\":\"SearchAction\",\"target\":{\"@type\":\"EntryPoint\",\"urlTemplate\":\"https:\/\/epic.wwwarcelona.net\/?s={search_term_string}\"},\"query-input\":{\"@type\":\"PropertyValueSpecification\",\"valueRequired\":true,\"valueName\":\"search_term_string\"}}],\"inLanguage\":\"it-IT\"},{\"@type\":\"Organization\",\"@id\":\"https:\/\/epic.wwwarcelona.net\/#organization\",\"name\":\"EPIC PREP\",\"url\":\"https:\/\/epic.wwwarcelona.net\/\",\"logo\":{\"@type\":\"ImageObject\",\"inLanguage\":\"it-IT\",\"@id\":\"https:\/\/epic.wwwarcelona.net\/#\/schema\/logo\/image\/\",\"url\":\"https:\/\/epic.wwwarcelona.net\/wp-content\/uploads\/2023\/02\/EPIC_LOGO_COLOR-1.svg\",\"contentUrl\":\"https:\/\/epic.wwwarcelona.net\/wp-content\/uploads\/2023\/02\/EPIC_LOGO_COLOR-1.svg\",\"width\":1,\"height\":1,\"caption\":\"EPIC PREP\"},\"image\":{\"@id\":\"https:\/\/epic.wwwarcelona.net\/#\/schema\/logo\/image\/\"}}]}<\/script>\n<!-- \/ Yoast SEO plugin. -->","yoast_head_json":{"title":"\u25b7Avviso legale - \u3010EPIC PREP\u3011","description":"\u2713","robots":{"index":"noindex","follow":"nofollow"},"og_locale":"it_IT","og_type":"article","og_title":"\u25b7Avviso legale - \u3010EPIC PREP\u3011","og_description":"\u2713","og_url":"https:\/\/epic.wwwarcelona.net\/it\/avviso-legale\/","og_site_name":"EPIC PREP","article_modified_time":"2023-05-09T11:46:04+00:00","twitter_card":"summary_large_image","twitter_misc":{"Tempo di lettura stimato":"6 minuti"},"schema":{"@context":"https:\/\/schema.org","@graph":[{"@type":"WebPage","@id":"https:\/\/epic.wwwarcelona.net\/it\/avviso-legale\/","url":"https:\/\/epic.wwwarcelona.net\/it\/avviso-legale\/","name":"\u25b7Avviso legale - \u3010EPIC PREP\u3011","isPartOf":{"@id":"https:\/\/epic.wwwarcelona.net\/#website"},"datePublished":"2021-10-16T13:24:59+00:00","dateModified":"2023-05-09T11:46:04+00:00","description":"\u2713","breadcrumb":{"@id":"https:\/\/epic.wwwarcelona.net\/it\/avviso-legale\/#breadcrumb"},"inLanguage":"it-IT","potentialAction":[{"@type":"ReadAction","target":["https:\/\/epic.wwwarcelona.net\/it\/avviso-legale\/"]}]},{"@type":"BreadcrumbList","@id":"https:\/\/epic.wwwarcelona.net\/it\/avviso-legale\/#breadcrumb","itemListElement":[{"@type":"ListItem","position":1,"name":"Portada","item":"https:\/\/epic.wwwarcelona.net\/"},{"@type":"ListItem","position":2,"name":"Avviso legale"}]},{"@type":"WebSite","@id":"https:\/\/epic.wwwarcelona.net\/#website","url":"https:\/\/epic.wwwarcelona.net\/","name":"EPIC PREP","description":"Comprometidos con tus objetivos","publisher":{"@id":"https:\/\/epic.wwwarcelona.net\/#organization"},"potentialAction":[{"@type":"SearchAction","target":{"@type":"EntryPoint","urlTemplate":"https:\/\/epic.wwwarcelona.net\/?s={search_term_string}"},"query-input":{"@type":"PropertyValueSpecification","valueRequired":true,"valueName":"search_term_string"}}],"inLanguage":"it-IT"},{"@type":"Organization","@id":"https:\/\/epic.wwwarcelona.net\/#organization","name":"EPIC PREP","url":"https:\/\/epic.wwwarcelona.net\/","logo":{"@type":"ImageObject","inLanguage":"it-IT","@id":"https:\/\/epic.wwwarcelona.net\/#\/schema\/logo\/image\/","url":"https:\/\/epic.wwwarcelona.net\/wp-content\/uploads\/2023\/02\/EPIC_LOGO_COLOR-1.svg","contentUrl":"https:\/\/epic.wwwarcelona.net\/wp-content\/uploads\/2023\/02\/EPIC_LOGO_COLOR-1.svg","width":1,"height":1,"caption":"EPIC PREP"},"image":{"@id":"https:\/\/epic.wwwarcelona.net\/#\/schema\/logo\/image\/"}}]}},"_links":{"self":[{"href":"https:\/\/epic.wwwarcelona.net\/it\/wp-json\/wp\/v2\/pages\/11508","targetHints":{"allow":["GET"]}}],"collection":[{"href":"https:\/\/epic.wwwarcelona.net\/it\/wp-json\/wp\/v2\/pages"}],"about":[{"href":"https:\/\/epic.wwwarcelona.net\/it\/wp-json\/wp\/v2\/types\/page"}],"author":[{"embeddable":true,"href":"https:\/\/epic.wwwarcelona.net\/it\/wp-json\/wp\/v2\/users\/1"}],"replies":[{"embeddable":true,"href":"https:\/\/epic.wwwarcelona.net\/it\/wp-json\/wp\/v2\/comments?post=11508"}],"version-history":[{"count":2,"href":"https:\/\/epic.wwwarcelona.net\/it\/wp-json\/wp\/v2\/pages\/11508\/revisions"}],"predecessor-version":[{"id":11909,"href":"https:\/\/epic.wwwarcelona.net\/it\/wp-json\/wp\/v2\/pages\/11508\/revisions\/11909"}],"wp:attachment":[{"href":"https:\/\/epic.wwwarcelona.net\/it\/wp-json\/wp\/v2\/media?parent=11508"}],"curies":[{"name":"wp","href":"https:\/\/api.w.org\/{rel}","templated":true}]}}