{"id":11582,"date":"2021-10-14T15:46:36","date_gmt":"2021-10-14T13:46:36","guid":{"rendered":"https:\/\/epic.wwwarcelona.net\/informativa-sulla-privacy\/"},"modified":"2023-05-06T22:02:12","modified_gmt":"2023-05-06T20:02:12","slug":"informativa-sulla-privacy","status":"publish","type":"page","link":"https:\/\/epic.wwwarcelona.net\/it\/informativa-sulla-privacy\/","title":{"rendered":"Informativa sulla privacy"},"content":{"rendered":"\t\t<div data-elementor-type=\"wp-page\" data-elementor-id=\"11582\" class=\"elementor elementor-11582 elementor-38\" data-elementor-post-type=\"page\">\n\t\t\t\t\t\t<section class=\"elementor-section elementor-top-section elementor-element elementor-element-8006250 elementor-section-boxed elementor-section-height-default elementor-section-height-default\" data-id=\"8006250\" data-element_type=\"section\">\n\t\t\t\t\t\t<div class=\"elementor-container elementor-column-gap-default\">\n\t\t\t\t\t<div class=\"elementor-column elementor-col-100 elementor-top-column elementor-element elementor-element-46da4cf\" data-id=\"46da4cf\" data-element_type=\"column\">\n\t\t\t<div class=\"elementor-widget-wrap elementor-element-populated\">\n\t\t\t\t\t\t<div class=\"elementor-element elementor-element-46cf0d7 elementor-widget elementor-widget-heading\" data-id=\"46cf0d7\" data-element_type=\"widget\" data-widget_type=\"heading.default\">\n\t\t\t\t<div class=\"elementor-widget-container\">\n\t\t\t<style>\/*! elementor - v3.20.0 - 11-03-2024 *\/\n.elementor-heading-title{padding:0;margin:0;line-height:1}.elementor-widget-heading .elementor-heading-title[class*=elementor-size-]>a{color:inherit;font-size:inherit;line-height:inherit}.elementor-widget-heading .elementor-heading-title.elementor-size-small{font-size:15px}.elementor-widget-heading .elementor-heading-title.elementor-size-medium{font-size:19px}.elementor-widget-heading .elementor-heading-title.elementor-size-large{font-size:29px}.elementor-widget-heading .elementor-heading-title.elementor-size-xl{font-size:39px}.elementor-widget-heading .elementor-heading-title.elementor-size-xxl{font-size:59px}<\/style><h2 class=\"elementor-heading-title elementor-size-default\">INFORMATIVA SULLA PRIVACY<\/h2>\t\t<\/div>\n\t\t\t\t<\/div>\n\t\t\t\t<div class=\"elementor-element elementor-element-4757770 elementor-widget elementor-widget-text-editor\" data-id=\"4757770\" data-element_type=\"widget\" data-widget_type=\"text-editor.default\">\n\t\t\t\t<div class=\"elementor-widget-container\">\n\t\t\t<style>\/*! elementor - v3.20.0 - 11-03-2024 *\/\n.elementor-widget-text-editor.elementor-drop-cap-view-stacked .elementor-drop-cap{background-color:#69727d;color:#fff}.elementor-widget-text-editor.elementor-drop-cap-view-framed .elementor-drop-cap{color:#69727d;border:3px solid;background-color:transparent}.elementor-widget-text-editor:not(.elementor-drop-cap-view-default) .elementor-drop-cap{margin-top:8px}.elementor-widget-text-editor:not(.elementor-drop-cap-view-default) .elementor-drop-cap-letter{width:1em;height:1em}.elementor-widget-text-editor .elementor-drop-cap{float:left;text-align:center;line-height:1;font-size:50px}.elementor-widget-text-editor .elementor-drop-cap-letter{display:inline-block}<\/style>\t\t\t\t<p>Se siete qui, \u00e8 perch\u00e9 volete saperne di pi\u00f9 sui vostri obblighi e diritti come utenti di questo sito web. <a href=\"https:\/\/epic.wwwarcelona.net\/it\/\"><strong>epicexamprep.com <\/strong><\/a>e questo va bene. Il nostro dovere \u00e8 quello di informarvi e il vostro \u00e8 quello di essere adeguatamente informati.<\/p>\n<p>In questa Informativa sulla privacy vi informeremo con totale trasparenza sulle finalit\u00e0 di questo sito web e su tutto ci\u00f2 che riguarda i dati che ci fornite, nonch\u00e9 sugli obblighi e i diritti che vi corrispondono.<\/p>\n<p>Per cominciare, dovete sapere che questo sito web \u00e8 adattato alla normativa vigente in materia di protezione dei dati, che riguarda i dati personali che ci fornite con il vostro esplicito consenso e i cookie che utilizziamo affinch\u00e9 questo sito web possa funzionare correttamente e svolgere la sua attivit\u00e0.<\/p>\n<p>In particolare, questo sito web \u00e8 conforme alle seguenti normative:<\/p>\n<p>Il <b>GDPR <\/b>(<b>Regolamento (UE) 2016\/679 del Parlamento europeo e del Consiglio, del 27 aprile 2016, relativo alla protezione delle persone fisiche.<\/b>), il nuovo regolamento dell&#8217;Unione Europea che unifica la regolamentazione del trattamento dei dati personali nei diversi Paesi dell&#8217;UE.<\/p>\n<p>Il <b>LOPD<\/b>  (<b>Legge organica 15\/1999, del 13 dicembre, sulla protezione dei dati personali.<\/b> y <b>Decreto reale 1720\/2007 del 21 dicembre 2007, il regolamento di attuazione della LOPD.<\/b>) che regola il trattamento dei dati personali e gli obblighi che i responsabili di un sito web o di un blog devono assumere nella gestione di queste informazioni.<\/p>\n<p>La <b>LSSI<\/b><b>(Legge 34\/2002, dell&#8217;11 luglio, sui servizi della societ\u00e0 dell&#8217;informazione e il commercio elettronico<\/b>) che regola le transazioni economiche per via elettronica, come nel caso di questo blog.<\/p>\n<p><b>DATI DI IDENTIFICAZIONE<\/b><\/p>\n<p>Il proprietario e gestore di questo sito web \u00e8 <strong>EPIC Education<\/strong>.<\/p>\n<ul>\n<li><b>Nome:<\/b> EPIC EDUCATION, SLU<\/li>\n<li><b>Id. Procuratore:<\/b> L-717539-S<\/li>\n<li><b>Sede legale:<\/b> Callaueta 8, 1r 3ra, AD500 Andorra la Vella, Adorra<\/li>\n<li><b>Attivit\u00e0 del sito<\/b>: distribuzione di contenuti relativi a <a href=\"https:\/\/epic.wwwarcelona.net\/it\/\"><strong>epicexamprep.com<\/strong><\/a>contenuti correlati, visualizzazione di annunci pubblicitari e raccomandazione di prodotti affiliati.<\/li>\n<li><b>E-mail<\/b>: <a href=\"mailto:info@epic.wwwarcelona.net\" target=\"_blank\" rel=\"noopener\"><span class=\"elementor-icon-list-text\">info@epic.wwwarcelona.net<\/span><\/a><\/li>\n<\/ul>\n<p>I dati che ci fornirete con il vostro consenso, e in conformit\u00e0 con l&#8217;uso stabilito nella nostra Politica sulla privacy, saranno incorporati in un archivio automatizzato debitamente registrato presso l&#8217;Agenzia spagnola per la protezione dei dati, in cui il responsabile di tale archivio \u00e8: <strong>Epic Education, SLU<\/strong>.<b> <\/b>Ci\u00f2 significa che i vostri dati sono al sicuro, in conformit\u00e0 con la legge.<\/p>\n<p>I dati personali che ci fornite, con il vostro esplicito consenso, saranno conservati ed elaborati per gli scopi indicati e descritti di seguito nella presente Informativa sulla privacy, fino a quando non ci chiederete di cancellarli.<\/p>\n<p>Vi informiamo che la presente Informativa sulla privacy pu\u00f2 essere modificata in qualsiasi momento, al fine di adeguarla a nuove normative o a cambiamenti nelle nostre attivit\u00e0, rimanendo sempre in vigore quella pubblicata sul sito web. L&#8217;utente sar\u00e0 informato di tali modifiche prima della loro attuazione.<\/p>\n<p><b>CONDIZIONI DI UTILIZZO<\/b><\/p>\n<p>Per la vostra tranquillit\u00e0, dovreste sapere che vi chiederemo sempre il consenso esplicito per la raccolta dei vostri dati per lo scopo corrispondente specificato in ogni caso, il che implica che, se concedete tale consenso, avete letto e accettato la presente Informativa sulla privacy.<\/p>\n<p>Quando si accede e si utilizza questo sito web, si assume lo status di utente con i relativi diritti e obblighi.<\/p>\n<p>Se avete pi\u00f9 di 13 anni, potete registrarvi come utenti di questo sito web senza il previo consenso dei vostri genitori o tutori.<\/p>\n<p>Se l&#8217;utente ha meno di 13 anni, per il trattamento dei suoi dati personali \u00e8 necessario il consenso dei suoi genitori o tutori.<\/p>\n<p><b>REGISTRAZIONE E FINALIT\u00c0 DEI DATI<\/b><\/p>\n<p>A seconda del modulo o della sezione a cui accedete, vi chiederemo solo i dati necessari per le finalit\u00e0 descritte di seguito. L&#8217;utente deve sempre fornire il proprio consenso esplicito quando gli vengono richiesti dati personali per i seguenti scopi:<\/p>\n<ul>\n<li>Le finalit\u00e0 specifiche indicate in particolare in ciascuna delle pagine o sezioni in cui compare il modulo di registrazione o di contatto elettronico.<\/li>\n<li>In generale, per gestire le vostre richieste, i vostri commenti, le vostre domande o qualsiasi altro tipo di richiesta che fate come utenti attraverso uno qualsiasi dei moduli di contatto che mettiamo a vostra disposizione<\/li>\n<li>Per informarvi su richieste, attivit\u00e0, prodotti, novit\u00e0 e\/o servizi; via e-mail, fax, Whatsapp, Skype, telefono, sms e mms.<\/li>\n<li>Per inviarvi comunicazioni commerciali o pubblicitarie con qualsiasi altro mezzo elettronico o fisico che consenta di effettuare comunicazioni.<\/li>\n<\/ul>\n<p>Queste comunicazioni saranno sempre relative ai nostri prodotti, servizi, novit\u00e0 o promozioni, nonch\u00e9 a quei prodotti o servizi che possiamo ritenere di vostro interesse e che possono essere offerti da collaboratori, aziende o partner con cui abbiamo accordi di promozione o collaborazione commerciale.<\/p>\n<p>In tal caso, garantiamo che queste terze parti non avranno mai accesso ai vostri dati personali, con le eccezioni elencate di seguito, e in tutti i casi queste comunicazioni saranno effettuate da <strong>Epic Education, SLU<\/strong><b>, in qualit\u00e0 di proprietario del sito web<\/b>.<\/p>\n<p>Ci\u00f2 significa che quando si fa clic su &#8220;Acquista ora&#8221; o simili, si viene reindirizzati alla pagina in cui vengono offerti i prodotti.<\/p>\n<p>In questo caso, l&#8217;utente deve sapere che forniamo e facilitiamo solo i link alle pagine e\/o alle piattaforme di queste terze parti dove i prodotti che mostriamo possono essere acquistati, al fine di facilitare la ricerca e l&#8217;acquisizione degli stessi.<\/p>\n<p>Queste pagine collegate appartenenti a terzi non sono state controllate e non sono soggette ad alcun controllo o raccomandazione da parte di Epic <strong>Education, SLU<\/strong>.<b> <\/b>non potr\u00e0 essere ritenuta responsabile per i contenuti di questi siti web, per le responsabilit\u00e0 derivanti dal loro utilizzo in tutti gli ambiti, n\u00e9 per le misure adottate in relazione alla privacy degli utenti, al trattamento dei loro dati personali o a qualsiasi altra misura che possa essere stabilita.<\/p>\n<p>Pertanto, si consiglia di leggere attentamente e in anticipo tutti i termini d&#8217;uso, le condizioni di acquisto, le politiche sulla privacy, le note legali e\/o le comunicazioni simili di questi siti collegati prima di procedere all&#8217;acquisto di tali prodotti o all&#8217;utilizzo dei siti web.<\/p>\n<p><b>ACCURATEZZA E VERIDICIT\u00c0 DEI DATI<\/b><\/p>\n<p>In qualit\u00e0 di utente, l&#8217;utente \u00e8 l&#8217;unico responsabile della veridicit\u00e0 e della modifica dei dati che invia a <strong>EPIC Education, SLU<\/strong>, esonerandoci da qualsiasi responsabilit\u00e0 in merito.<\/p>\n<p>In altre parole, l&#8217;utente \u00e8 responsabile e risponde in ogni caso dell&#8217;esattezza, della validit\u00e0 e dell&#8217;autenticit\u00e0 dei dati personali forniti e si impegna a mantenerli debitamente aggiornati.<\/p>\n<p>Come indicato nella presente Informativa sulla privacy, l&#8217;utente accetta di fornire informazioni complete e corrette nel modulo di contatto o di iscrizione.<\/p>\n<p><b>DISISCRIZIONE E DIRITTO DI REVOCA<\/b><\/p>\n<p>In qualit\u00e0 di titolare dei dati che ci avete fornito, potete esercitare in qualsiasi momento i vostri diritti di accesso, rettifica, cancellazione e opposizione inviandoci un&#8217;e-mail a<b><a href=\"mailto:info@epic.wwwarcelona.net\" target=\"_blank\" rel=\"noopener\"><span class=\"elementor-icon-list-text\">info@epic.wwwarcelona.net<\/span><\/a><\/b>e allegando una fotocopia del vostro documento d&#8217;identit\u00e0 come prova valida.<\/p>\n<p>\u00c8 inoltre possibile annullare l&#8217;iscrizione in qualsiasi momento per non ricevere pi\u00f9 la nostra newsletter o qualsiasi altra comunicazione commerciale, direttamente dalla stessa e-mail ricevuta o inviandoci un&#8217;e-mail all&#8217;indirizzo <a href=\"mailto:info@epic.wwwarcelona.net\" target=\"_blank\" rel=\"noopener\"><span class=\"elementor-icon-list-text\">info@epic.wwwarcelona.net<\/span><\/a><b>.<\/b><\/p>\n<p><b>ACCESSO AI DATI PER CONTO DI TERZI<\/b><\/p>\n<p>Al fine di fornire i servizi strettamente necessari per il funzionamento e lo sviluppo delle attivit\u00e0 di questo sito web, vi informiamo che condividiamo i dati con i seguenti fornitori di servizi in base alle loro corrispondenti condizioni di privacy.<\/p>\n<p>Potete essere certi che queste terze parti non potranno utilizzare tali informazioni per scopi che non siano specificamente regolamentati nei nostri rapporti con loro in base alle leggi vigenti sulla protezione dei dati personali.<\/p>\n<p>Questo sito web \u00e8 ospitato da <b><strong>Dinahosting SL <\/strong><\/b>con marchio commerciale <b><strong>Dinahosting SL &#8211; CIF B15805419<\/strong><\/b>che fornisce servizi di hosting per consentire l&#8217;accesso e la navigazione nel nostro sito. \u00c8 possibile consultare l&#8217;informativa sulla privacy e altri aspetti legali di questa azienda al seguente link: <b><strong>https:\/\/dinahosting.com\/legal\/proteccion-datos<\/strong><\/b><b>.<\/b><\/p>\n<p>Il nostro sito web utilizza server pubblicitari per facilitare i contenuti commerciali che vedete sulle nostre pagine. Questi server pubblicitari utilizzano i cookie per poter adattare i contenuti pubblicitari ai profili demografici degli utenti:<\/p>\n<p><b>Google Analytics:<\/b><\/p>\n<p>Google Analytics \u00e8 un servizio di analisi web fornito da Google, Inc. una societ\u00e0 del Delaware con sede al 1600 Amphitheatre Parkway, Mountain View (California), CA 94043, Stati Uniti (&#8220;Google&#8221;).<\/p>\n<p>Google Analytics utilizza i cosiddetti &#8220;cookie&#8221;, file di testo che vengono depositati sul vostro computer per consentire al sito web di analizzare come gli utenti utilizzano il sito.<\/p>\n<p>Le informazioni generate dal cookie sull&#8217;utilizzo del sito web da parte dell&#8217;utente (compreso il suo indirizzo IP) verranno trasmesse a Google e memorizzate. Google utilizzer\u00e0 queste informazioni per nostro conto allo scopo di valutare l&#8217;utilizzo del sito web da parte degli utenti, compilare report sulle attivit\u00e0 del sito web per gli operatori del sito web e fornire altri servizi relativi alle attivit\u00e0 del sito web e all&#8217;utilizzo di Internet.<\/p>\n<p>Google pu\u00f2 anche trasferire queste informazioni a terzi, se ci\u00f2 \u00e8 richiesto dalla legge o se tali terzi elaborano le informazioni per conto di Google. Google non assocer\u00e0 il vostro indirizzo IP a nessun altro dato posseduto da Google.<\/p>\n<p>In qualit\u00e0 di utente, e nell&#8217;esercizio dei propri diritti, l&#8217;utente pu\u00f2 rifiutare il trattamento dei dati o delle informazioni rifiutando l&#8217;uso dei cookie selezionando l&#8217;impostazione appropriata sul proprio browser; tuttavia, si noti che in tal caso potrebbe non essere in grado di utilizzare tutte le funzionalit\u00e0 di questo sito web.<\/p>\n<p>Utilizzando il presente sito web, in conformit\u00e0 con le informazioni fornite nella presente Informativa sulla privacy, l&#8217;utente acconsente al trattamento dei dati da parte di Google nelle modalit\u00e0 e per gli scopi indicati.<\/p>\n<p>Per ulteriori informazioni, \u00e8 possibile consultare l&#8217;informativa sulla privacy di Google all&#8217;indirizzo <a href=\"https:\/\/www.google.com\/intl\/es\/policies\/privacy\/\">https:\/\/www.google.com\/intl\/es\/policies\/privacy\/.<\/a><\/p>\n<p><b>Google Adsense:<\/b><\/p>\n<p>Google, in qualit\u00e0 di fornitore di terze parti, utilizza i cookie per pubblicare annunci su questo sito web. \u00c8 possibile rinunciare all&#8217;utilizzo del cookie DART andando alla pagina degli annunci di Google e accedendo all&#8217;informativa sulla privacy della rete di contenuti: <a href=\"https:\/\/www.google.com\/intl\/es\/policies\/privacy\/\">https:\/\/www.google.com\/intl\/es\/policies\/privacy\/.<\/a><\/p>\n<p>Google utilizza partner pubblicitari per pubblicare annunci quando visitate il nostro sito web. Queste societ\u00e0 possono utilizzare le informazioni raccolte dalle vostre visite a questo e ad altri siti web (ad esclusione del vostro nome, indirizzo, indirizzo e-mail o numero di telefono) per fornirvi pubblicit\u00e0 su prodotti e servizi di vostro interesse.<\/p>\n<p>Utilizzando il presente sito web, acconsentite al trattamento dei vostri dati da parte di Google per le modalit\u00e0 e i fini sopraindicati.<\/p>\n<p>Per saperne di pi\u00f9 sull&#8217;uso dei cookie, sulle pratiche di raccolta delle informazioni e sulle procedure di opt-in o opt-out, consultare la nostra COOKIE POLICY.<\/p>\n<p><b>MISURE DI SICUREZZA<\/b><\/p>\n<p>In qualit\u00e0 di titolare del sito web<b>, <strong>Epic Education, SLU<\/strong><\/b> ha adottato tutte le misure tecniche e organizzative necessarie per garantire la sicurezza e l&#8217;integrit\u00e0 dei dati personali trattati, nonch\u00e9 per impedirne la perdita, l&#8217;alterazione e\/o l&#8217;accesso da parte di terzi non autorizzati.<\/p>\n<p>Vi ricordiamo che, per maggiori informazioni, potete consultare le pagine della nostra <b>Informativa legale<\/b> e dell&#8217;<b>Informativa sui cookie<\/b>.<\/p>\n\t\t\t\t\t\t<\/div>\n\t\t\t\t<\/div>\n\t\t\t\t\t<\/div>\n\t\t<\/div>\n\t\t\t\t\t<\/div>\n\t\t<\/section>\n\t\t\t\t<\/div>\n\t\t","protected":false},"excerpt":{"rendered":"<p>INFORMATIVA SULLA PRIVACY Se siete qui, \u00e8 perch\u00e9 volete saperne di pi\u00f9 sui vostri obblighi e diritti come utenti di questo sito web. epicexamprep.com e questo va bene. Il nostro dovere \u00e8 quello di informarvi e il vostro \u00e8 quello di essere adeguatamente informati. In questa Informativa sulla privacy vi informeremo con totale trasparenza sulle [&hellip;]<\/p>\n","protected":false},"author":1,"featured_media":0,"parent":0,"menu_order":0,"comment_status":"closed","ping_status":"open","template":"elementor_header_footer","meta":{"footnotes":""},"class_list":["post-11582","page","type-page","status-publish","hentry"],"yoast_head":"<!-- This site is optimized with the Yoast SEO plugin v26.8 - https:\/\/yoast.com\/product\/yoast-seo-wordpress\/ -->\n<title>\u25b7Informativa sulla privacy - \u3010EPIC PREP\u3011<\/title>\n<meta name=\"description\" content=\"\u2713\" \/>\n<meta name=\"robots\" content=\"noindex, nofollow\" \/>\n<meta property=\"og:locale\" content=\"it_IT\" \/>\n<meta property=\"og:type\" content=\"article\" \/>\n<meta property=\"og:title\" content=\"\u25b7Informativa sulla privacy - \u3010EPIC PREP\u3011\" \/>\n<meta property=\"og:description\" content=\"\u2713\" \/>\n<meta property=\"og:url\" content=\"https:\/\/epic.wwwarcelona.net\/it\/informativa-sulla-privacy\/\" \/>\n<meta property=\"og:site_name\" content=\"EPIC PREP\" \/>\n<meta property=\"article:modified_time\" content=\"2023-05-06T20:02:12+00:00\" \/>\n<meta name=\"twitter:card\" content=\"summary_large_image\" \/>\n<meta name=\"twitter:label1\" content=\"Tempo di lettura stimato\" \/>\n\t<meta name=\"twitter:data1\" content=\"9 minuti\" \/>\n<script type=\"application\/ld+json\" class=\"yoast-schema-graph\">{\"@context\":\"https:\/\/schema.org\",\"@graph\":[{\"@type\":\"WebPage\",\"@id\":\"https:\/\/epic.wwwarcelona.net\/it\/informativa-sulla-privacy\/\",\"url\":\"https:\/\/epic.wwwarcelona.net\/it\/informativa-sulla-privacy\/\",\"name\":\"\u25b7Informativa sulla privacy - \u3010EPIC PREP\u3011\",\"isPartOf\":{\"@id\":\"https:\/\/epic.wwwarcelona.net\/#website\"},\"datePublished\":\"2021-10-14T13:46:36+00:00\",\"dateModified\":\"2023-05-06T20:02:12+00:00\",\"description\":\"\u2713\",\"breadcrumb\":{\"@id\":\"https:\/\/epic.wwwarcelona.net\/it\/informativa-sulla-privacy\/#breadcrumb\"},\"inLanguage\":\"it-IT\",\"potentialAction\":[{\"@type\":\"ReadAction\",\"target\":[\"https:\/\/epic.wwwarcelona.net\/it\/informativa-sulla-privacy\/\"]}]},{\"@type\":\"BreadcrumbList\",\"@id\":\"https:\/\/epic.wwwarcelona.net\/it\/informativa-sulla-privacy\/#breadcrumb\",\"itemListElement\":[{\"@type\":\"ListItem\",\"position\":1,\"name\":\"Portada\",\"item\":\"https:\/\/epic.wwwarcelona.net\/\"},{\"@type\":\"ListItem\",\"position\":2,\"name\":\"Informativa sulla privacy\"}]},{\"@type\":\"WebSite\",\"@id\":\"https:\/\/epic.wwwarcelona.net\/#website\",\"url\":\"https:\/\/epic.wwwarcelona.net\/\",\"name\":\"EPIC PREP\",\"description\":\"Comprometidos con tus objetivos\",\"publisher\":{\"@id\":\"https:\/\/epic.wwwarcelona.net\/#organization\"},\"potentialAction\":[{\"@type\":\"SearchAction\",\"target\":{\"@type\":\"EntryPoint\",\"urlTemplate\":\"https:\/\/epic.wwwarcelona.net\/?s={search_term_string}\"},\"query-input\":{\"@type\":\"PropertyValueSpecification\",\"valueRequired\":true,\"valueName\":\"search_term_string\"}}],\"inLanguage\":\"it-IT\"},{\"@type\":\"Organization\",\"@id\":\"https:\/\/epic.wwwarcelona.net\/#organization\",\"name\":\"EPIC PREP\",\"url\":\"https:\/\/epic.wwwarcelona.net\/\",\"logo\":{\"@type\":\"ImageObject\",\"inLanguage\":\"it-IT\",\"@id\":\"https:\/\/epic.wwwarcelona.net\/#\/schema\/logo\/image\/\",\"url\":\"https:\/\/epic.wwwarcelona.net\/wp-content\/uploads\/2023\/02\/EPIC_LOGO_COLOR-1.svg\",\"contentUrl\":\"https:\/\/epic.wwwarcelona.net\/wp-content\/uploads\/2023\/02\/EPIC_LOGO_COLOR-1.svg\",\"width\":1,\"height\":1,\"caption\":\"EPIC PREP\"},\"image\":{\"@id\":\"https:\/\/epic.wwwarcelona.net\/#\/schema\/logo\/image\/\"}}]}<\/script>\n<!-- \/ Yoast SEO plugin. -->","yoast_head_json":{"title":"\u25b7Informativa sulla privacy - \u3010EPIC PREP\u3011","description":"\u2713","robots":{"index":"noindex","follow":"nofollow"},"og_locale":"it_IT","og_type":"article","og_title":"\u25b7Informativa sulla privacy - \u3010EPIC PREP\u3011","og_description":"\u2713","og_url":"https:\/\/epic.wwwarcelona.net\/it\/informativa-sulla-privacy\/","og_site_name":"EPIC PREP","article_modified_time":"2023-05-06T20:02:12+00:00","twitter_card":"summary_large_image","twitter_misc":{"Tempo di lettura stimato":"9 minuti"},"schema":{"@context":"https:\/\/schema.org","@graph":[{"@type":"WebPage","@id":"https:\/\/epic.wwwarcelona.net\/it\/informativa-sulla-privacy\/","url":"https:\/\/epic.wwwarcelona.net\/it\/informativa-sulla-privacy\/","name":"\u25b7Informativa sulla privacy - \u3010EPIC PREP\u3011","isPartOf":{"@id":"https:\/\/epic.wwwarcelona.net\/#website"},"datePublished":"2021-10-14T13:46:36+00:00","dateModified":"2023-05-06T20:02:12+00:00","description":"\u2713","breadcrumb":{"@id":"https:\/\/epic.wwwarcelona.net\/it\/informativa-sulla-privacy\/#breadcrumb"},"inLanguage":"it-IT","potentialAction":[{"@type":"ReadAction","target":["https:\/\/epic.wwwarcelona.net\/it\/informativa-sulla-privacy\/"]}]},{"@type":"BreadcrumbList","@id":"https:\/\/epic.wwwarcelona.net\/it\/informativa-sulla-privacy\/#breadcrumb","itemListElement":[{"@type":"ListItem","position":1,"name":"Portada","item":"https:\/\/epic.wwwarcelona.net\/"},{"@type":"ListItem","position":2,"name":"Informativa sulla privacy"}]},{"@type":"WebSite","@id":"https:\/\/epic.wwwarcelona.net\/#website","url":"https:\/\/epic.wwwarcelona.net\/","name":"EPIC PREP","description":"Comprometidos con tus objetivos","publisher":{"@id":"https:\/\/epic.wwwarcelona.net\/#organization"},"potentialAction":[{"@type":"SearchAction","target":{"@type":"EntryPoint","urlTemplate":"https:\/\/epic.wwwarcelona.net\/?s={search_term_string}"},"query-input":{"@type":"PropertyValueSpecification","valueRequired":true,"valueName":"search_term_string"}}],"inLanguage":"it-IT"},{"@type":"Organization","@id":"https:\/\/epic.wwwarcelona.net\/#organization","name":"EPIC PREP","url":"https:\/\/epic.wwwarcelona.net\/","logo":{"@type":"ImageObject","inLanguage":"it-IT","@id":"https:\/\/epic.wwwarcelona.net\/#\/schema\/logo\/image\/","url":"https:\/\/epic.wwwarcelona.net\/wp-content\/uploads\/2023\/02\/EPIC_LOGO_COLOR-1.svg","contentUrl":"https:\/\/epic.wwwarcelona.net\/wp-content\/uploads\/2023\/02\/EPIC_LOGO_COLOR-1.svg","width":1,"height":1,"caption":"EPIC PREP"},"image":{"@id":"https:\/\/epic.wwwarcelona.net\/#\/schema\/logo\/image\/"}}]}},"_links":{"self":[{"href":"https:\/\/epic.wwwarcelona.net\/it\/wp-json\/wp\/v2\/pages\/11582","targetHints":{"allow":["GET"]}}],"collection":[{"href":"https:\/\/epic.wwwarcelona.net\/it\/wp-json\/wp\/v2\/pages"}],"about":[{"href":"https:\/\/epic.wwwarcelona.net\/it\/wp-json\/wp\/v2\/types\/page"}],"author":[{"embeddable":true,"href":"https:\/\/epic.wwwarcelona.net\/it\/wp-json\/wp\/v2\/users\/1"}],"replies":[{"embeddable":true,"href":"https:\/\/epic.wwwarcelona.net\/it\/wp-json\/wp\/v2\/comments?post=11582"}],"version-history":[{"count":1,"href":"https:\/\/epic.wwwarcelona.net\/it\/wp-json\/wp\/v2\/pages\/11582\/revisions"}],"predecessor-version":[{"id":11583,"href":"https:\/\/epic.wwwarcelona.net\/it\/wp-json\/wp\/v2\/pages\/11582\/revisions\/11583"}],"wp:attachment":[{"href":"https:\/\/epic.wwwarcelona.net\/it\/wp-json\/wp\/v2\/media?parent=11582"}],"curies":[{"name":"wp","href":"https:\/\/api.w.org\/{rel}","templated":true}]}}