{"id":11912,"date":"2021-10-18T07:29:35","date_gmt":"2021-10-18T05:29:35","guid":{"rendered":"https:\/\/epic.wwwarcelona.net\/politica-sui-cookie\/"},"modified":"2023-05-09T13:49:53","modified_gmt":"2023-05-09T11:49:53","slug":"politica-sui-cookie","status":"publish","type":"page","link":"https:\/\/epic.wwwarcelona.net\/it\/politica-sui-cookie\/","title":{"rendered":"Politica sui cookie"},"content":{"rendered":"\t\t<div data-elementor-type=\"wp-page\" data-elementor-id=\"11912\" class=\"elementor elementor-11912 elementor-99\" data-elementor-post-type=\"page\">\n\t\t\t\t\t\t<section class=\"elementor-section elementor-top-section elementor-element elementor-element-98e1df3 elementor-section-boxed elementor-section-height-default elementor-section-height-default\" data-id=\"98e1df3\" data-element_type=\"section\">\n\t\t\t\t\t\t<div class=\"elementor-container elementor-column-gap-default\">\n\t\t\t\t\t<div class=\"elementor-column elementor-col-100 elementor-top-column elementor-element elementor-element-f27ba1f\" data-id=\"f27ba1f\" data-element_type=\"column\">\n\t\t\t<div class=\"elementor-widget-wrap elementor-element-populated\">\n\t\t\t\t\t\t<div class=\"elementor-element elementor-element-f6fca6d elementor-widget elementor-widget-heading\" data-id=\"f6fca6d\" data-element_type=\"widget\" data-widget_type=\"heading.default\">\n\t\t\t\t<div class=\"elementor-widget-container\">\n\t\t\t<style>\/*! elementor - v3.20.0 - 11-03-2024 *\/\n.elementor-heading-title{padding:0;margin:0;line-height:1}.elementor-widget-heading .elementor-heading-title[class*=elementor-size-]>a{color:inherit;font-size:inherit;line-height:inherit}.elementor-widget-heading .elementor-heading-title.elementor-size-small{font-size:15px}.elementor-widget-heading .elementor-heading-title.elementor-size-medium{font-size:19px}.elementor-widget-heading .elementor-heading-title.elementor-size-large{font-size:29px}.elementor-widget-heading .elementor-heading-title.elementor-size-xl{font-size:39px}.elementor-widget-heading .elementor-heading-title.elementor-size-xxl{font-size:59px}<\/style><h2 class=\"elementor-heading-title elementor-size-default\">INFORMATIVA SUI COOKIE<\/h2>\t\t<\/div>\n\t\t\t\t<\/div>\n\t\t\t\t<div class=\"elementor-element elementor-element-b4c043b elementor-widget elementor-widget-text-editor\" data-id=\"b4c043b\" data-element_type=\"widget\" data-widget_type=\"text-editor.default\">\n\t\t\t\t<div class=\"elementor-widget-container\">\n\t\t\t<style>\/*! elementor - v3.20.0 - 11-03-2024 *\/\n.elementor-widget-text-editor.elementor-drop-cap-view-stacked .elementor-drop-cap{background-color:#69727d;color:#fff}.elementor-widget-text-editor.elementor-drop-cap-view-framed .elementor-drop-cap{color:#69727d;border:3px solid;background-color:transparent}.elementor-widget-text-editor:not(.elementor-drop-cap-view-default) .elementor-drop-cap{margin-top:8px}.elementor-widget-text-editor:not(.elementor-drop-cap-view-default) .elementor-drop-cap-letter{width:1em;height:1em}.elementor-widget-text-editor .elementor-drop-cap{float:left;text-align:center;line-height:1;font-size:50px}.elementor-widget-text-editor .elementor-drop-cap-letter{display:inline-block}<\/style>\t\t\t\t<p>Se volete saperne di pi\u00f9 sull&#8217;uso dei cookie da parte di questo sito web <a href=\"https:\/\/epic.wwwarcelona.net\/it\/\"><strong>epicexamprep.com<\/strong><\/a><b>siete<\/b> nel posto giusto. Di seguito, spiegheremo esattamente cosa sono i cookie; quali tipi di cookie utilizziamo e perch\u00e9; e come potete esercitare il vostro diritto di configurare il vostro browser per rifiutare l&#8217;uso di uno qualsiasi di essi.<\/p>\n<p>Tuttavia, l&#8217;utente deve essere consapevole che se sceglie di non utilizzare alcuni cookie, questo sito web potrebbe non funzionare perfettamente, compromettendo la sua esperienza d&#8217;uso.<\/p>\n<p><b>CHE COS&#8217;\u00c8 UN COOKIE<\/b><\/p>\n<p>Un <i>cookie<\/i> \u00e8 un file che viene scaricato sul vostro computer quando accedete a determinati siti web o blog.<\/p>\n<p>I <i>cookie<\/i> consentono a questo sito, tra l&#8217;altro, di memorizzare e recuperare informazioni sulle vostre abitudini di navigazione o sul vostro computer e, a seconda delle informazioni contenute e del modo in cui utilizzate il vostro computer, possono essere utilizzati per riconoscervi.<\/p>\n<p>Il browser dell&#8217;utente memorizza i cookie sul disco rigido solo durante la sessione corrente, occupando uno spazio di memoria minimo e non danneggiando il computer. I cookie non contengono informazioni personali specifiche e la maggior parte di essi viene cancellata dal disco rigido al termine della sessione del browser (i cosiddetti cookie di sessione).<\/p>\n<p>La maggior parte dei browser accetta i cookie come standard e, indipendentemente da essi, consente o impedisce i cookie temporanei o memorizzati nelle impostazioni di sicurezza.<\/p>\n<p>I cookie sono associati al browser, non alla persona, quindi di solito non memorizzano informazioni sensibili sull&#8217;utente, come dati di carte di credito o bancari, fotografie o informazioni personali, ecc. I dati memorizzati sono di natura tecnica, statistica, preferenze personali, personalizzazione dei contenuti, ecc.<\/p>\n<p><b>ACCETTAZIONE DEI COOKIE: NORMATIVA VIGENTE<\/b><\/p>\n<p>Accedendo a questo sito web, e in conformit\u00e0 con la legislazione vigente in materia di protezione dei dati, vi informiamo dell&#8217;utilizzo dei cookie, dandovi la possibilit\u00e0 di accettarli espressamente e di accedere a ulteriori informazioni attraverso la presente Politica sui cookie.<\/p>\n<p>Si prega di notare che continuando a navigare sul sito si acconsente all&#8217;uso di questi cookie. Tuttavia, \u00e8 possibile cambiare idea in qualsiasi momento e bloccarne l&#8217;uso tramite il browser.<\/p>\n<p>Per la vostra tranquillit\u00e0, questo sito web \u00e8 conforme alla legislazione vigente in materia di utilizzo dei cookie e dei vostri dati personali:<\/p>\n<p>Il regolamento LSSI-CE<b>(Legge sulla societ\u00e0 dell&#8217;informazione e sul commercio elettronico<\/b>).<\/p>\n<p>Il <b>GDPR <\/b><b>(Regolamento (UE) 2016\/679 del Parlamento europeo e del Consiglio, del 27 aprile 2016, sulla protezione delle persone fisiche<\/b>), che unifica la regolamentazione del trattamento dei dati personali nei Paesi dell&#8217;UE.<\/p>\n<p>La presente Politica sui cookie pu\u00f2 essere modificata in qualsiasi momento per adeguarsi a nuove normative o a cambiamenti nelle nostre attivit\u00e0, e la politica pubblicata sul sito web rimarr\u00e0 sempre in vigore.<\/p>\n<p><b>TIPI DI COOKIE<\/b><\/p>\n<p>Al fine di fornire all&#8217;utente una migliore esperienza, ottenere dati analitici, memorizzare e recuperare informazioni sulle sue abitudini di navigazione o sul suo computer e sviluppare la sua attivit\u00e0, questo sito web <a href=\"https:\/\/epic.wwwarcelona.net\/it\/\"><strong>epicexamprep.com<\/strong><\/a><b>utilizza<\/b> cookie propri e di terze parti.<\/p>\n<p><b>Quali tipi di cookie utilizza questo sito web?<\/b><\/p>\n<ul>\n<li><b>Cookie tecnici<\/b>Sono quelli che permettono all&#8217;utente di navigare in un sito web, una piattaforma o un&#8217;applicazione e l&#8217;utilizzo delle diverse opzioni o servizi esistenti su di essa, come, ad esempio, il controllo del traffico e della comunicazione dei dati, l&#8217;identificazione della sessione, l&#8217;accesso alle aree ad accesso limitato, la memorizzazione degli elementi che compongono un ordine, l&#8217;esecuzione del processo di acquisto di un ordine, l&#8217;inoltro della domanda di registrazione o di partecipazione a un evento, l&#8217;utilizzo di elementi di sicurezza durante la navigazione, la memorizzazione di contenuti per la diffusione di video o suoni o la condivisione di contenuti attraverso i social network.<\/li>\n<\/ul>\n<ul>\n<li><b>Cookie di personalizzazione<\/b>Sono quelli che permettono all&#8217;utente di accedere al servizio con alcune caratteristiche generali predefinite in base a una serie di criteri presenti nel terminale dell&#8217;utente come, ad esempio, la lingua, il tipo di browser utilizzato per accedere al servizio, la configurazione regionale da cui si accede al servizio, ecc.<\/li>\n<\/ul>\n<ul>\n<li><b>Cookie di analisi<\/b>: si tratta di cookie elaborati da noi o da terzi che ci permettono di quantificare il numero di utenti e quindi di effettuare la misurazione e l&#8217;analisi statistica dell&#8217;utilizzo da parte degli utenti del servizio offerto. A tal fine, la vostra navigazione sul nostro sito web viene analizzata per migliorare la gamma di prodotti o servizi che vi offriamo.<\/li>\n<\/ul>\n<ul>\n<li><b>Cookie pubblicitari<\/b>Sono quelli che, elaborati da noi o da terzi, ci permettono di gestire nel modo pi\u00f9 efficiente possibile l&#8217;offerta di spazi pubblicitari sul sito web, adattando il contenuto dell&#8217;annuncio al contenuto del servizio richiesto o all&#8217;uso che fate del nostro sito web. A tal fine, possiamo analizzare le vostre abitudini di navigazione in Internet e mostrarvi pubblicit\u00e0 correlate al vostro profilo di navigazione.<\/li>\n<\/ul>\n<ul>\n<li><b>Cookie di pubblicit\u00e0 comportamentale<\/b>: si tratta di cookie che consentono di gestire nel modo pi\u00f9 efficace possibile gli spazi pubblicitari che, se del caso, l&#8217;editore ha inserito su un sito web, un&#8217;applicazione o una piattaforma da cui viene fornito il servizio richiesto. Questi cookie memorizzano informazioni sul comportamento degli utenti ottenute attraverso l&#8217;osservazione continua delle loro abitudini di navigazione, che consentono di sviluppare un profilo specifico per mostrare pubblicit\u00e0 basata sullo stesso.<\/li>\n<\/ul>\n<ul>\n<li><b>Cookie di terze parti<\/b>: Questo sito web <a href=\"https:\/\/epic.wwwarcelona.net\/it\/\"><strong>epicexamprep.com<\/strong><\/a> <b>,<\/b> pu\u00f2 utilizzare servizi di terze parti che, per conto di Google, raccolgono informazioni a fini statistici, per l&#8217;utilizzo del sito da parte dell&#8217;utente e per la fornitura di altri servizi legati all&#8217;attivit\u00e0 del sito e ad altri servizi Internet.<\/li>\n<\/ul>\n<p>In particolare, questo sito web utilizza Google Analytics, un servizio di analisi web fornito da Google, Inc. domiciliata negli Stati Uniti con sede principale al 1600 Amphitheatre Parkway, Mountain View, California 94043. Per fornire questi servizi, Google utilizza dei cookie che raccolgono informazioni, tra cui l&#8217;indirizzo IP dell&#8217;utente, che verranno trasmesse, elaborate e memorizzate da Google alle condizioni indicate sul sito Google.com. Ci\u00f2 include l&#8217;eventuale trasferimento di tali informazioni a terzi, ove ci\u00f2 sia richiesto dalla legge o laddove tali terzi trattino le informazioni per conto di Google.<\/p>\n<p><strong>GESTIRE E RIFIUTARE L&#8217;USO DEI COOKIE<\/strong><\/p>\n<p>In qualsiasi momento \u00e8 possibile modificare le impostazioni del browser per gestire, rifiutare l&#8217;uso dei cookie ed essere avvisati prima che vengano scaricati.<\/p>\n<p>\u00c8 inoltre possibile regolare le impostazioni del browser in modo che rifiuti tutti i <i>cookie<\/i> o solo <i>quelli<\/i> di terze parti. \u00c8 inoltre possibile eliminare i <i>cookie<\/i> gi\u00e0 presenti sul computer.<\/p>\n<p>A tal fine, \u00e8 necessario tenere presente che si dovr\u00e0 adattare la configurazione di ciascun browser e dispositivo utilizzato separatamente perch\u00e9, come abbiamo gi\u00e0 detto, i cookie sono associati al browser, non alla persona.<\/p>\n<p><a href=\"https:\/\/support.google.com\/chrome\/answer\/95647?hl=es-419\" target=\"_blank\" rel=\"noopener\"><b>Google Chrome<\/b><\/a><\/p>\n<p><a href=\"https:\/\/support.microsoft.com\/es-es\/help\/17442\/windows-internet-explorer-delete-manage-cookies#ie=ie-10\" target=\"_blank\" rel=\"noopener\"><b>Internet Explorer<\/b><\/a><\/p>\n<p><a href=\"https:\/\/support.mozilla.org\/es\/kb\/habilitar-y-deshabilitar-cookies-sitios-web-rastrear-preferencias?redirectlocale=es&amp;redirectslug=habilitar-y-deshabilitar-cookies-que-los-sitios-we\" target=\"_blank\" rel=\"noopener\"><b>Mozilla Firefox<\/b><\/a><\/p>\n<p><a href=\"https:\/\/support.apple.com\/es-es\/HT201265\" target=\"_blank\" rel=\"noopener\"><b>Apple Safari<\/b><\/a><\/p>\n<p>In caso di domande sulla presente Informativa sui cookie, l&#8217;utente pu\u00f2 contattarci inviando un&#8217;e-mail all&#8217;indirizzo <a href=\"mailto:info@epic.wwwarcelona.net\" target=\"_blank\" rel=\"noopener\"><span class=\"elementor-icon-list-text\">info@epic.wwwarcelona.net<\/span><\/a>.<\/p>\n\t\t\t\t\t\t<\/div>\n\t\t\t\t<\/div>\n\t\t\t\t\t<\/div>\n\t\t<\/div>\n\t\t\t\t\t<\/div>\n\t\t<\/section>\n\t\t\t\t<\/div>\n\t\t","protected":false},"excerpt":{"rendered":"<p>INFORMATIVA SUI COOKIE Se volete saperne di pi\u00f9 sull&#8217;uso dei cookie da parte di questo sito web epicexamprep.comsiete nel posto giusto. Di seguito, spiegheremo esattamente cosa sono i cookie; quali tipi di cookie utilizziamo e perch\u00e9; e come potete esercitare il vostro diritto di configurare il vostro browser per rifiutare l&#8217;uso di uno qualsiasi di [&hellip;]<\/p>\n","protected":false},"author":1,"featured_media":0,"parent":0,"menu_order":0,"comment_status":"closed","ping_status":"closed","template":"","meta":{"footnotes":""},"class_list":["post-11912","page","type-page","status-publish","hentry"],"yoast_head":"<!-- This site is optimized with the Yoast SEO plugin v26.8 - https:\/\/yoast.com\/product\/yoast-seo-wordpress\/ -->\n<title>\u25b7Politica sui cookie - \u3010EPIC PREP\u3011<\/title>\n<meta name=\"description\" content=\"\u2713\" \/>\n<meta name=\"robots\" content=\"noindex, nofollow\" \/>\n<meta property=\"og:locale\" content=\"it_IT\" \/>\n<meta property=\"og:type\" content=\"article\" \/>\n<meta property=\"og:title\" content=\"\u25b7Politica sui cookie - \u3010EPIC PREP\u3011\" \/>\n<meta property=\"og:description\" content=\"\u2713\" \/>\n<meta property=\"og:url\" content=\"https:\/\/epic.wwwarcelona.net\/it\/politica-sui-cookie\/\" \/>\n<meta property=\"og:site_name\" content=\"EPIC PREP\" \/>\n<meta property=\"article:modified_time\" content=\"2023-05-09T11:49:53+00:00\" \/>\n<meta name=\"twitter:card\" content=\"summary_large_image\" \/>\n<meta name=\"twitter:label1\" content=\"Tempo di lettura stimato\" \/>\n\t<meta name=\"twitter:data1\" content=\"5 minuti\" \/>\n<script type=\"application\/ld+json\" class=\"yoast-schema-graph\">{\"@context\":\"https:\/\/schema.org\",\"@graph\":[{\"@type\":\"WebPage\",\"@id\":\"https:\/\/epic.wwwarcelona.net\/it\/politica-sui-cookie\/\",\"url\":\"https:\/\/epic.wwwarcelona.net\/it\/politica-sui-cookie\/\",\"name\":\"\u25b7Politica sui cookie - \u3010EPIC PREP\u3011\",\"isPartOf\":{\"@id\":\"https:\/\/epic.wwwarcelona.net\/#website\"},\"datePublished\":\"2021-10-18T05:29:35+00:00\",\"dateModified\":\"2023-05-09T11:49:53+00:00\",\"description\":\"\u2713\",\"breadcrumb\":{\"@id\":\"https:\/\/epic.wwwarcelona.net\/it\/politica-sui-cookie\/#breadcrumb\"},\"inLanguage\":\"it-IT\",\"potentialAction\":[{\"@type\":\"ReadAction\",\"target\":[\"https:\/\/epic.wwwarcelona.net\/it\/politica-sui-cookie\/\"]}]},{\"@type\":\"BreadcrumbList\",\"@id\":\"https:\/\/epic.wwwarcelona.net\/it\/politica-sui-cookie\/#breadcrumb\",\"itemListElement\":[{\"@type\":\"ListItem\",\"position\":1,\"name\":\"Portada\",\"item\":\"https:\/\/epic.wwwarcelona.net\/\"},{\"@type\":\"ListItem\",\"position\":2,\"name\":\"Politica sui cookie\"}]},{\"@type\":\"WebSite\",\"@id\":\"https:\/\/epic.wwwarcelona.net\/#website\",\"url\":\"https:\/\/epic.wwwarcelona.net\/\",\"name\":\"EPIC PREP\",\"description\":\"Comprometidos con tus objetivos\",\"publisher\":{\"@id\":\"https:\/\/epic.wwwarcelona.net\/#organization\"},\"potentialAction\":[{\"@type\":\"SearchAction\",\"target\":{\"@type\":\"EntryPoint\",\"urlTemplate\":\"https:\/\/epic.wwwarcelona.net\/?s={search_term_string}\"},\"query-input\":{\"@type\":\"PropertyValueSpecification\",\"valueRequired\":true,\"valueName\":\"search_term_string\"}}],\"inLanguage\":\"it-IT\"},{\"@type\":\"Organization\",\"@id\":\"https:\/\/epic.wwwarcelona.net\/#organization\",\"name\":\"EPIC PREP\",\"url\":\"https:\/\/epic.wwwarcelona.net\/\",\"logo\":{\"@type\":\"ImageObject\",\"inLanguage\":\"it-IT\",\"@id\":\"https:\/\/epic.wwwarcelona.net\/#\/schema\/logo\/image\/\",\"url\":\"https:\/\/epic.wwwarcelona.net\/wp-content\/uploads\/2023\/02\/EPIC_LOGO_COLOR-1.svg\",\"contentUrl\":\"https:\/\/epic.wwwarcelona.net\/wp-content\/uploads\/2023\/02\/EPIC_LOGO_COLOR-1.svg\",\"width\":1,\"height\":1,\"caption\":\"EPIC PREP\"},\"image\":{\"@id\":\"https:\/\/epic.wwwarcelona.net\/#\/schema\/logo\/image\/\"}}]}<\/script>\n<!-- \/ Yoast SEO plugin. -->","yoast_head_json":{"title":"\u25b7Politica sui cookie - \u3010EPIC PREP\u3011","description":"\u2713","robots":{"index":"noindex","follow":"nofollow"},"og_locale":"it_IT","og_type":"article","og_title":"\u25b7Politica sui cookie - \u3010EPIC PREP\u3011","og_description":"\u2713","og_url":"https:\/\/epic.wwwarcelona.net\/it\/politica-sui-cookie\/","og_site_name":"EPIC PREP","article_modified_time":"2023-05-09T11:49:53+00:00","twitter_card":"summary_large_image","twitter_misc":{"Tempo di lettura stimato":"5 minuti"},"schema":{"@context":"https:\/\/schema.org","@graph":[{"@type":"WebPage","@id":"https:\/\/epic.wwwarcelona.net\/it\/politica-sui-cookie\/","url":"https:\/\/epic.wwwarcelona.net\/it\/politica-sui-cookie\/","name":"\u25b7Politica sui cookie - \u3010EPIC PREP\u3011","isPartOf":{"@id":"https:\/\/epic.wwwarcelona.net\/#website"},"datePublished":"2021-10-18T05:29:35+00:00","dateModified":"2023-05-09T11:49:53+00:00","description":"\u2713","breadcrumb":{"@id":"https:\/\/epic.wwwarcelona.net\/it\/politica-sui-cookie\/#breadcrumb"},"inLanguage":"it-IT","potentialAction":[{"@type":"ReadAction","target":["https:\/\/epic.wwwarcelona.net\/it\/politica-sui-cookie\/"]}]},{"@type":"BreadcrumbList","@id":"https:\/\/epic.wwwarcelona.net\/it\/politica-sui-cookie\/#breadcrumb","itemListElement":[{"@type":"ListItem","position":1,"name":"Portada","item":"https:\/\/epic.wwwarcelona.net\/"},{"@type":"ListItem","position":2,"name":"Politica sui cookie"}]},{"@type":"WebSite","@id":"https:\/\/epic.wwwarcelona.net\/#website","url":"https:\/\/epic.wwwarcelona.net\/","name":"EPIC PREP","description":"Comprometidos con tus objetivos","publisher":{"@id":"https:\/\/epic.wwwarcelona.net\/#organization"},"potentialAction":[{"@type":"SearchAction","target":{"@type":"EntryPoint","urlTemplate":"https:\/\/epic.wwwarcelona.net\/?s={search_term_string}"},"query-input":{"@type":"PropertyValueSpecification","valueRequired":true,"valueName":"search_term_string"}}],"inLanguage":"it-IT"},{"@type":"Organization","@id":"https:\/\/epic.wwwarcelona.net\/#organization","name":"EPIC PREP","url":"https:\/\/epic.wwwarcelona.net\/","logo":{"@type":"ImageObject","inLanguage":"it-IT","@id":"https:\/\/epic.wwwarcelona.net\/#\/schema\/logo\/image\/","url":"https:\/\/epic.wwwarcelona.net\/wp-content\/uploads\/2023\/02\/EPIC_LOGO_COLOR-1.svg","contentUrl":"https:\/\/epic.wwwarcelona.net\/wp-content\/uploads\/2023\/02\/EPIC_LOGO_COLOR-1.svg","width":1,"height":1,"caption":"EPIC PREP"},"image":{"@id":"https:\/\/epic.wwwarcelona.net\/#\/schema\/logo\/image\/"}}]}},"_links":{"self":[{"href":"https:\/\/epic.wwwarcelona.net\/it\/wp-json\/wp\/v2\/pages\/11912","targetHints":{"allow":["GET"]}}],"collection":[{"href":"https:\/\/epic.wwwarcelona.net\/it\/wp-json\/wp\/v2\/pages"}],"about":[{"href":"https:\/\/epic.wwwarcelona.net\/it\/wp-json\/wp\/v2\/types\/page"}],"author":[{"embeddable":true,"href":"https:\/\/epic.wwwarcelona.net\/it\/wp-json\/wp\/v2\/users\/1"}],"replies":[{"embeddable":true,"href":"https:\/\/epic.wwwarcelona.net\/it\/wp-json\/wp\/v2\/comments?post=11912"}],"version-history":[{"count":1,"href":"https:\/\/epic.wwwarcelona.net\/it\/wp-json\/wp\/v2\/pages\/11912\/revisions"}],"predecessor-version":[{"id":11913,"href":"https:\/\/epic.wwwarcelona.net\/it\/wp-json\/wp\/v2\/pages\/11912\/revisions\/11913"}],"wp:attachment":[{"href":"https:\/\/epic.wwwarcelona.net\/it\/wp-json\/wp\/v2\/media?parent=11912"}],"curies":[{"name":"wp","href":"https:\/\/api.w.org\/{rel}","templated":true}]}}